{"id":12,"date":"2013-08-14T12:02:33","date_gmt":"2013-08-14T10:02:33","guid":{"rendered":"http:\/\/gzuk-urszulin.eu\/?page_id=12"},"modified":"2013-11-20T19:12:05","modified_gmt":"2013-11-20T18:12:05","slug":"o-firmie","status":"publish","type":"page","link":"https:\/\/gzuk.urszulin.eu\/index.php\/o-firmie\/","title":{"rendered":"O Firmie"},"content":{"rendered":"<p>Gminny Zak\u0142ad Us\u0142ug Komunalnych w Urszulinie Sp. z o.o. zosta\u0142a powo\u0142ana na mocy uchwa\u0142y Rady Gminy Urszulin z dnia 28 czerwca 2001 r. nr XX\/142\/2001.<\/p>\n<p>Przedmiotem dzia\u0142alno\u015bci Sp\u00f3\u0142ki jest:<\/p>\n<ol>\n<li>zaopatrzenie w wod\u0119\u00a0 i odprowadzenie \u015bciek\u00f3w;<\/li>\n<li>wyw\u00f3z nieczysto\u015bci sta\u0142ych;<\/li>\n<li>dzia\u0142alno\u015b\u0107 us\u0142ugowa ( handel, us\u0142ugi rolne, asenizacyjne, prowadzenie parkingu, transport, us\u0142ugi mechanizacyjne, remontowo-budowlane, drogowe).<\/li>\n<\/ol>\n<p>Kapita\u0142em zak\u0142adowym Sp\u00f3\u0142ki w chwili jej za\u0142o\u017cenia by\u0142a kwota 231.000 z\u0142. by\u0142 to aport wniesiony przez Gmin\u0119 Urszulin w postaci nieruchomo\u015bci (dzia\u0142ka o pow. 0,74 ha wraz z budynkami: warsztatowymi, biurowymi, szop\u0105 na narz\u0119dzia, stacj\u0105 paliw, str\u00f3\u017c\u00f3wk\u0105, szaletem i ogrodzeniem).<\/p>\n<p>W dniu 12 grudnia 2001 r. Nadzwyczajne Zgromadzenie Wsp\u00f3lnik\u00f3w Sp\u00f3\u0142ki uchwa\u0142\u0105 nr 3\/2001 podwy\u017cszy\u0142o kapita\u0142 zak\u0142adowy o kwot\u0119 121.000 z\u0142. jest to wk\u0142ad niepieni\u0119\u017cny w postaci maszyn i urz\u0105dze\u0144.<\/p>\n<table width=\"465\" border=\"0\" cellspacing=\"0\" cellpadding=\"0\">\n<tbody>\n<tr>\n<td width=\"266\">\u0141\u0105czny kapita\u0142 zak\u0142adowy wynosi<\/td>\n<td width=\"199\">352.000,00<\/td>\n<\/tr>\n<tr>\n<td>Kapita\u0142 zapasowy<\/td>\n<td>6.233,00<\/td>\n<\/tr>\n<tr>\n<td><strong>OG\u00d3\u0141EM<\/strong><\/td>\n<td><strong>358.233,27<\/strong><\/td>\n<\/tr>\n<tr>\n<td><strong>Grunty<\/strong><\/td>\n<td><strong>8.042,30<\/strong><\/td>\n<\/tr>\n<\/tbody>\n<\/table>\n","protected":false},"excerpt":{"rendered":"<p>Gminny Zak\u0142ad Us\u0142ug Komunalnych w Urszulinie Sp. z o.o. zosta\u0142a powo\u0142ana na mocy uchwa\u0142y Rady Gminy Urszulin z dnia 28 czerwca 2001 r. nr XX\/142\/2001. Przedmiotem dzia\u0142alno\u015bci Sp\u00f3\u0142ki jest: zaopatrzenie w wod\u0119\u00a0 i odprowadzenie \u015bciek\u00f3w; wyw\u00f3z nieczysto\u015bci sta\u0142ych; dzia\u0142alno\u015b\u0107 us\u0142ugowa &hellip;<\/p>\n<p class=\"read-more\"> <a class=\"more-link\" href=\"https:\/\/gzuk.urszulin.eu\/index.php\/o-firmie\/\"> <span class=\"screen-reader-text\">O Firmie<\/span> Czytaj wi\u0119cej  &raquo;<\/a><\/p>\n","protected":false},"author":1,"featured_media":0,"parent":0,"menu_order":0,"comment_status":"closed","ping_status":"closed","template":"","meta":{"footnotes":""},"class_list":["post-12","page","type-page","status-publish","hentry"],"_links":{"self":[{"href":"https:\/\/gzuk.urszulin.eu\/index.php\/wp-json\/wp\/v2\/pages\/12","targetHints":{"allow":["GET"]}}],"collection":[{"href":"https:\/\/gzuk.urszulin.eu\/index.php\/wp-json\/wp\/v2\/pages"}],"about":[{"href":"https:\/\/gzuk.urszulin.eu\/index.php\/wp-json\/wp\/v2\/types\/page"}],"author":[{"embeddable":true,"href":"https:\/\/gzuk.urszulin.eu\/index.php\/wp-json\/wp\/v2\/users\/1"}],"replies":[{"embeddable":true,"href":"https:\/\/gzuk.urszulin.eu\/index.php\/wp-json\/wp\/v2\/comments?post=12"}],"version-history":[{"count":3,"href":"https:\/\/gzuk.urszulin.eu\/index.php\/wp-json\/wp\/v2\/pages\/12\/revisions"}],"predecessor-version":[{"id":381,"href":"https:\/\/gzuk.urszulin.eu\/index.php\/wp-json\/wp\/v2\/pages\/12\/revisions\/381"}],"wp:attachment":[{"href":"https:\/\/gzuk.urszulin.eu\/index.php\/wp-json\/wp\/v2\/media?parent=12"}],"curies":[{"name":"wp","href":"https:\/\/api.w.org\/{rel}","templated":true}]}}