{"id":26,"date":"2013-08-14T13:43:07","date_gmt":"2013-08-14T11:43:07","guid":{"rendered":"http:\/\/gzuk-urszulin.eu\/?page_id=26"},"modified":"2015-05-15T11:23:23","modified_gmt":"2015-05-15T09:23:23","slug":"zakres-uslug","status":"publish","type":"page","link":"https:\/\/gzuk.urszulin.eu\/index.php\/zakres-uslug\/","title":{"rendered":"Zakres us\u0142ug"},"content":{"rendered":"<p><b>Przy\u0142\u0105czenia do wodoci\u0105gu, kanalizacji<\/b><\/p>\n<p>Aby uzyska\u0107 warunki przy\u0142\u0105czenia nale\u017cy z\u0142o\u017cy\u0107 w Siedzibie Sp\u00f3\u0142ki wniosek (druk w za\u0142\u0105czniku) wraz z aktem notarialnym i mapk\u0105 geodezyjn\u0105 dzia\u0142ki z naniesionym wodoci\u0105giem, kanalizacj\u0105.<\/p>\n<p>Nasza firma wykonuje prace przy\u0142\u0105czeniowe na atrakcyjnych warunkach.<\/p>\n<ul>\n<li>indywidualna wycena,<\/li>\n<li>rzetelne wykonanie,<\/li>\n<li>elastyczne terminy,<\/li>\n<li>najwy\u017csza jako\u015b\u0107<\/li>\n<\/ul>\n<p>Kompletne przy\u0142\u0105cze wymaga przeprowadzenia odbioru, sprawdzenia czy zosta\u0142o wykonane zgodnie z wymaganymi warunkami i podpisania umowy na dostarczanie wody i\/lub odprowadzanie \u015bciek\u00f3w.<\/p>\n<p><b>Wyw\u00f3z nieczysto\u015bci sta\u0142ych<\/b><\/p>\n<p>Oferujemy wyw\u00f3z nieczysto\u015bci sta\u0142ych wyspecjalizowanym samochodem.<\/p>\n<p style=\"text-align: justify;\">Odbi\u00f3r nieczysto\u015bci sta\u0142ych odbywa si\u0119 wg harmonogramu.<\/p>\n<p><b>Asenizacja<\/b><\/p>\n<p>Opr\u00f3\u017cniamy zbiorniki bezodp\u0142ywowe. Telefonicznie mo\u017cna zam\u00f3wi\u0107 pojazd asenizacyjny o pojemno\u015bci 5\u00a0000 l.<\/p>\n<p><b>Dodatkowe us\u0142ugi<\/b><\/p>\n<p>\u015awiadczymy dodatkowo us\u0142ugi rolne oraz transportowe.<\/p>\n","protected":false},"excerpt":{"rendered":"<p>Przy\u0142\u0105czenia do wodoci\u0105gu, kanalizacji Aby uzyska\u0107 warunki przy\u0142\u0105czenia nale\u017cy z\u0142o\u017cy\u0107 w Siedzibie Sp\u00f3\u0142ki wniosek (druk w za\u0142\u0105czniku) wraz z aktem notarialnym i mapk\u0105 geodezyjn\u0105 dzia\u0142ki z naniesionym wodoci\u0105giem, kanalizacj\u0105. Nasza firma wykonuje prace przy\u0142\u0105czeniowe na atrakcyjnych warunkach. indywidualna wycena, rzetelne &hellip;<\/p>\n<p class=\"read-more\"> <a class=\"more-link\" href=\"https:\/\/gzuk.urszulin.eu\/index.php\/zakres-uslug\/\"> <span class=\"screen-reader-text\">Zakres us\u0142ug<\/span> Czytaj wi\u0119cej  &raquo;<\/a><\/p>\n","protected":false},"author":1,"featured_media":0,"parent":0,"menu_order":4,"comment_status":"closed","ping_status":"closed","template":"","meta":{"footnotes":""},"class_list":["post-26","page","type-page","status-publish","hentry"],"_links":{"self":[{"href":"https:\/\/gzuk.urszulin.eu\/index.php\/wp-json\/wp\/v2\/pages\/26","targetHints":{"allow":["GET"]}}],"collection":[{"href":"https:\/\/gzuk.urszulin.eu\/index.php\/wp-json\/wp\/v2\/pages"}],"about":[{"href":"https:\/\/gzuk.urszulin.eu\/index.php\/wp-json\/wp\/v2\/types\/page"}],"author":[{"embeddable":true,"href":"https:\/\/gzuk.urszulin.eu\/index.php\/wp-json\/wp\/v2\/users\/1"}],"replies":[{"embeddable":true,"href":"https:\/\/gzuk.urszulin.eu\/index.php\/wp-json\/wp\/v2\/comments?post=26"}],"version-history":[{"count":5,"href":"https:\/\/gzuk.urszulin.eu\/index.php\/wp-json\/wp\/v2\/pages\/26\/revisions"}],"predecessor-version":[{"id":208,"href":"https:\/\/gzuk.urszulin.eu\/index.php\/wp-json\/wp\/v2\/pages\/26\/revisions\/208"}],"wp:attachment":[{"href":"https:\/\/gzuk.urszulin.eu\/index.php\/wp-json\/wp\/v2\/media?parent=26"}],"curies":[{"name":"wp","href":"https:\/\/api.w.org\/{rel}","templated":true}]}}