{"id":733,"date":"2020-03-16T09:26:32","date_gmt":"2020-03-16T08:26:32","guid":{"rendered":"https:\/\/gzuk.urszulin.eu\/?page_id=733"},"modified":"2025-05-09T09:40:19","modified_gmt":"2025-05-09T07:40:19","slug":"druki-do-pobrania","status":"publish","type":"page","link":"https:\/\/gzuk.urszulin.eu\/index.php\/druki-do-pobrania\/","title":{"rendered":"Druki do pobrania"},"content":{"rendered":"<ul>\n<li><a href=\"https:\/\/gzuk.urszulin.eu\/wp-content\/uploads\/2024\/08\/WNIOSEK-O-WAR.-TECH.-ZGLOSZENIE-PRZYLACZENIE-Urszulin-2022.pdf\" class=\"mtli_attachment mtli_pdf\">WNIOSEK O PRZY\u0141\u0104CZENIE DO SIECI WOD\u2013KAN LUB WYDANIE WARUNK\u00d3W TECHNICZNYCH<\/a><\/li>\n<\/ul>\n<p>&nbsp;<\/p>\n<ul>\n<li><a href=\"https:\/\/gzuk.urszulin.eu\/wp-content\/uploads\/2025\/05\/Inwestor-Urszulin.pdf\" class=\"mtli_attachment mtli_pdf\">Wniosek o wydanie za\u015bwiadczenia o mo\u017cliwo\u015bci pod\u0142\u0105czenia do gminnej sieci wodoci\u0105gowo &#8211; kanalizacyjnej<\/a><\/li>\n<\/ul>\n<p>&nbsp;<\/p>\n","protected":false},"excerpt":{"rendered":"<p>WNIOSEK O PRZY\u0141\u0104CZENIE DO SIECI WOD\u2013KAN LUB WYDANIE WARUNK\u00d3W TECHNICZNYCH &nbsp; Wniosek o wydanie za\u015bwiadczenia o mo\u017cliwo\u015bci pod\u0142\u0105czenia do gminnej sieci wodoci\u0105gowo &#8211; kanalizacyjnej &nbsp;<\/p>\n","protected":false},"author":1,"featured_media":0,"parent":0,"menu_order":0,"comment_status":"closed","ping_status":"closed","template":"","meta":{"footnotes":""},"class_list":["post-733","page","type-page","status-publish","hentry"],"_links":{"self":[{"href":"https:\/\/gzuk.urszulin.eu\/index.php\/wp-json\/wp\/v2\/pages\/733","targetHints":{"allow":["GET"]}}],"collection":[{"href":"https:\/\/gzuk.urszulin.eu\/index.php\/wp-json\/wp\/v2\/pages"}],"about":[{"href":"https:\/\/gzuk.urszulin.eu\/index.php\/wp-json\/wp\/v2\/types\/page"}],"author":[{"embeddable":true,"href":"https:\/\/gzuk.urszulin.eu\/index.php\/wp-json\/wp\/v2\/users\/1"}],"replies":[{"embeddable":true,"href":"https:\/\/gzuk.urszulin.eu\/index.php\/wp-json\/wp\/v2\/comments?post=733"}],"version-history":[{"count":8,"href":"https:\/\/gzuk.urszulin.eu\/index.php\/wp-json\/wp\/v2\/pages\/733\/revisions"}],"predecessor-version":[{"id":1198,"href":"https:\/\/gzuk.urszulin.eu\/index.php\/wp-json\/wp\/v2\/pages\/733\/revisions\/1198"}],"wp:attachment":[{"href":"https:\/\/gzuk.urszulin.eu\/index.php\/wp-json\/wp\/v2\/media?parent=733"}],"curies":[{"name":"wp","href":"https:\/\/api.w.org\/{rel}","templated":true}]}}